{"id":652,"date":"2025-11-02T17:38:49","date_gmt":"2025-11-02T16:38:49","guid":{"rendered":"https:\/\/2trkladno.montessorislany.cz\/?page_id=652"},"modified":"2025-11-02T17:39:29","modified_gmt":"2025-11-02T16:39:29","slug":"652-2","status":"publish","type":"page","link":"https:\/\/2trkladno.montessorislany.cz\/?page_id=652","title":{"rendered":"Tipy na knihy pro d\u011bti"},"content":{"rendered":"\n[et_pb_section fb_built=&#8220;1&#8243; theme_builder_area=&#8220;post_content&#8220; _builder_version=&#8220;4.27.4&#8243; _module_preset=&#8220;default&#8220;][et_pb_row _builder_version=&#8220;4.27.4&#8243; _module_preset=&#8220;default&#8220; theme_builder_area=&#8220;post_content&#8220;][et_pb_column _builder_version=&#8220;4.27.4&#8243; _module_preset=&#8220;default&#8220; type=&#8220;4_4&#8243; theme_builder_area=&#8220;post_content&#8220;][et_pb_text _builder_version=&#8220;4.27.4&#8243; _module_preset=&#8220;default&#8220; theme_builder_area=&#8220;post_content&#8220; hover_enabled=&#8220;0&#8243; sticky_enabled=&#8220;0&#8243;]<div class=\"s-c s-fs cf\">\n<div class=\"ez cf wnd-no-cols\">\n<div class=\"ez-c\">\n<div class=\"b b-text cf\">\n<div class=\"b-c b-text-c b-s b-s-t60 b-s-b60 b-cs cf\">\n<h2 class=\"wnd-align-center\">Tipy<strong> na knihy pro d\u011bti<\/strong><\/h2>\n<p>&nbsp;<\/p>\n<\/div>\n<\/div>\n<div class=\"b b-text cf\">\n<div class=\"b-c b-text-c b-s b-s-t60 b-s-b60 b-cs cf\">\n<p><span class=\"wsw-43\"><strong>Zlat\u00e1 stuha <\/strong><\/span>&#8211; ceny zam\u011b\u0159en\u00e9 na knihy pro d\u011bti a ml\u00e1de\u017e:<\/p>\n<\/div>\n<\/div>\n<div class=\"b b-html b-s\">\n<div class=\"b-c\" style=\"text-align: center;\"><a href=\"https:\/\/www.zlatastuha.cz\/cs\/archiv\">https:\/\/www.zlatastuha.cz\/cs\/archiv<\/a><\/div>\n<div class=\"b-c\" style=\"text-align: center;\"><\/div>\n<div class=\"b-c\" style=\"text-align: center;\"><\/div>\n<\/div>\n<div class=\"b b-text cf\">\n<div class=\"b-c b-text-c b-s b-s-t60 b-s-b60 b-cs cf\">\n<p><strong><span class=\"wsw-43\">Projekt \u010dten\u00ed pom\u00e1h\u00e1<\/span> <\/strong>&#8211; str\u00e1nky obsahuj\u00ed p\u0159ehled vhodn\u00fdch knih pro d\u011bti a ml\u00e1de\u017e r\u016fznorod\u00fdch \u017e\u00e1nr\u016f<\/p>\n<\/div>\n<\/div>\n<div class=\"b b-html b-s\">\n<div class=\"b-c\" style=\"text-align: center;\"><a href=\"https:\/\/www.ctenipomaha.cz\/cs\/knihy?offset=6\">https:\/\/www.ctenipomaha.cz\/cs\/knihy?offset=6<\/a><\/div>\n<div class=\"b-c\" style=\"text-align: center;\"><\/div>\n<\/div>\n<\/div>\n<\/div>\n<\/div>[\/et_pb_text][\/et_pb_column][\/et_pb_row][\/et_pb_section]\n","protected":false},"excerpt":{"rendered":"<p>Tipy na knihy pro d\u011bti &nbsp; Zlat\u00e1 stuha &#8211; ceny zam\u011b\u0159en\u00e9 na knihy pro d\u011bti a ml\u00e1de\u017e: https:\/\/www.zlatastuha.cz\/cs\/archiv Projekt \u010dten\u00ed pom\u00e1h\u00e1 &#8211; str\u00e1nky obsahuj\u00ed p\u0159ehled vhodn\u00fdch knih pro d\u011bti a ml\u00e1de\u017e r\u016fznorod\u00fdch \u017e\u00e1nr\u016f https:\/\/www.ctenipomaha.cz\/cs\/knihy?offset=6<\/p>\n","protected":false},"author":1,"featured_media":0,"parent":0,"menu_order":0,"comment_status":"closed","ping_status":"closed","template":"","meta":{"_et_pb_use_builder":"on","_et_pb_old_content":"","_et_gb_content_width":"","footnotes":""},"class_list":["post-652","page","type-page","status-publish","hentry"],"_links":{"self":[{"href":"https:\/\/2trkladno.montessorislany.cz\/index.php?rest_route=\/wp\/v2\/pages\/652","targetHints":{"allow":["GET"]}}],"collection":[{"href":"https:\/\/2trkladno.montessorislany.cz\/index.php?rest_route=\/wp\/v2\/pages"}],"about":[{"href":"https:\/\/2trkladno.montessorislany.cz\/index.php?rest_route=\/wp\/v2\/types\/page"}],"author":[{"embeddable":true,"href":"https:\/\/2trkladno.montessorislany.cz\/index.php?rest_route=\/wp\/v2\/users\/1"}],"replies":[{"embeddable":true,"href":"https:\/\/2trkladno.montessorislany.cz\/index.php?rest_route=%2Fwp%2Fv2%2Fcomments&post=652"}],"version-history":[{"count":3,"href":"https:\/\/2trkladno.montessorislany.cz\/index.php?rest_route=\/wp\/v2\/pages\/652\/revisions"}],"predecessor-version":[{"id":656,"href":"https:\/\/2trkladno.montessorislany.cz\/index.php?rest_route=\/wp\/v2\/pages\/652\/revisions\/656"}],"wp:attachment":[{"href":"https:\/\/2trkladno.montessorislany.cz\/index.php?rest_route=%2Fwp%2Fv2%2Fmedia&parent=652"}],"curies":[{"name":"wp","href":"https:\/\/api.w.org\/{rel}","templated":true}]}}